{"id":458,"date":"2026-03-14T20:52:48","date_gmt":"2026-03-14T20:52:48","guid":{"rendered":"https:\/\/gogull.app\/?page_id=458"},"modified":"2026-03-21T16:49:27","modified_gmt":"2026-03-21T16:49:27","slug":"o-nama","status":"publish","type":"page","link":"https:\/\/gogull.app\/en\/o-nama\/","title":{"rendered":"About us"},"content":{"rendered":"<div class=\"block-wrapper block-wrapper--group\"><div class=\"container container--narrow\">\n<div class=\"wp-block-group about-intro\"><div class=\"wp-block-group__inner-container is-layout-constrained wp-block-group-is-layout-constrained\"><div class=\"block-wrapper block-wrapper--heading\"><div class=\"container container--narrow\">\n<h1 class=\"wp-block-heading has-text-align-center\">About us<\/h1>\n<\/div><\/div>\n\n<div class=\"block-wrapper block-wrapper--heading\"><div class=\"container container--narrow\">\n<h2 class=\"wp-block-heading has-text-align-center\">From Idea to MVP<\/h2>\n<\/div><\/div>\n\n<div class=\"block-wrapper block-wrapper--paragraph\"><div class=\"container container--narrow\">\n<p class=\"has-text-align-center has-text-color has-link-color has-medium-font-size wp-elements-a5977bbd9ee3eb3b0ce8c91c71ca90fe\" style=\"color:#6a7282\">Today, travelers have access to a vast amount of information, but finding the right places often requires using multiple different apps. To discover a great beach, restaurant, or local producer, users often search through maps, social media and reviews across various platforms.<\/p>\n<\/div><\/div>\n\n<div class=\"block-wrapper block-wrapper--paragraph\"><div class=\"container container--narrow\">\n<p class=\"has-text-align-center has-text-color has-link-color has-medium-font-size wp-elements-6351020d5a9f9533ea42c903a347625c\" style=\"color:#6a7282\">This process takes time and rarely gives a real sense of the place they want to visit.<\/p>\n<\/div><\/div>\n\n<div class=\"block-wrapper block-wrapper--paragraph\"><div class=\"container container--narrow\">\n<p class=\"has-text-align-center has-text-color has-link-color has-medium-font-size wp-elements-43a9fa2d9bab19036bef9e83b0120874\" style=\"color:#6a7282\">GoGull solves this problem through an interactive map that brings together locations, videos, and key information in one place, enabling users to quickly and easily discover new places and decide where they want to go.<\/p>\n<\/div><\/div>\n\n<div class=\"block-wrapper block-wrapper--paragraph\"><div class=\"container container--narrow\">\n<p><\/p>\n<\/div><\/div>\n\n<div class=\"block-wrapper block-wrapper--paragraph\"><div class=\"container container--narrow\">\n<p><\/p>\n<\/div><\/div><\/div>\n<\/div><\/div><\/div>\n\n<div class=\"block-wrapper block-wrapper--group\"><div class=\"container container--narrow\">\n<div class=\"wp-block-group about-steps\"><div class=\"wp-block-group__inner-container is-layout-constrained wp-block-group-is-layout-constrained\"><div class=\"block-wrapper block-wrapper--heading\"><div class=\"container container--narrow\">\n<h3 class=\"wp-block-heading has-text-align-center\">Our plan in 3 steps:<\/h3>\n<\/div><\/div>\n\n<div class=\"block-wrapper block-wrapper--paragraph\"><div class=\"container container--narrow\">\n<p class=\"has-text-color has-link-color has-medium-font-size wp-elements-1c8e2d94b618453a226d31b5dc470941\" style=\"color:#6a7282\"><strong>Now:<\/strong> We are finalizing the MVP and simultaneously attracting our first users (early adopters) through active market validation.<\/p>\n<\/div><\/div>\n\n<div class=\"block-wrapper block-wrapper--paragraph\"><div class=\"container container--narrow\">\n<p class=\"has-text-color has-link-color has-medium-font-size wp-elements-f9aef3e77128995af412215b4535192e\" style=\"color:#6a7282\"><strong>Soon:<\/strong> We will launch the MVP in a limited test market in Croatia.<\/p>\n<\/div><\/div>\n\n<div class=\"block-wrapper block-wrapper--paragraph\"><div class=\"container container--narrow\">\n<p class=\"has-text-color has-link-color has-medium-font-size wp-elements-c6e70e53b3c5d5ef4099e143455b5a45\" style=\"color:#6a7282\"><strong>Focus:<\/strong> We collect data, iterate based on feedback, and prepare the product for real scaling.<\/p>\n<\/div><\/div><\/div>\n<\/div><\/div><\/div>\n\n<div class=\"block-wrapper block-wrapper--group\"><div class=\"container container--narrow\">\n<div class=\"wp-block-group about-team\"><div class=\"wp-block-group__inner-container is-layout-constrained wp-block-group-is-layout-constrained\"><div class=\"block-wrapper block-wrapper--heading\"><div class=\"container container--narrow\">\n<h2 class=\"wp-block-heading has-text-align-center\" style=\"font-size:48px\">Meet the team building Gogull:<\/h2>\n<\/div><\/div>\n\n<div class=\"block-wrapper block-wrapper--columns\"><div class=\"container container--narrow\">\n<div class=\"wp-block-columns is-layout-flex wp-container-core-columns-is-layout-9d6595d7 wp-block-columns-is-layout-flex\">\n<div class=\"wp-block-column has-background is-layout-flow wp-block-column-is-layout-flow\" style=\"background-color:#f3efea\"><div class=\"block-wrapper block-wrapper--image\"><div class=\"container container--narrow\">\n<figure class=\"wp-block-image size-full is-resized\"><img loading=\"lazy\" decoding=\"async\" width=\"112\" height=\"112\" src=\"https:\/\/gogull.app\/wp-content\/uploads\/2026\/03\/user-centered.png\" alt=\"\" class=\"wp-image-707\" style=\"object-fit:cover;width:56px;height:56px\" srcset=\"https:\/\/gogull.app\/wp-content\/uploads\/2026\/03\/user-centered.png 112w, https:\/\/gogull.app\/wp-content\/uploads\/2026\/03\/user-centered-12x12.png 12w\" sizes=\"auto, (max-width: 112px) 100vw, 112px\" \/><\/figure>\n<\/div><\/div>\n\n<div class=\"block-wrapper block-wrapper--heading\"><div class=\"container container--narrow\">\n<h3 class=\"wp-block-heading\">Stipe Bartulovi\u0107<\/h3>\n<\/div><\/div>\n\n<div class=\"block-wrapper block-wrapper--heading\"><div class=\"container container--narrow\">\n<h4 class=\"wp-block-heading\">Founder &amp; Chief Everything Officer<\/h4>\n<\/div><\/div>\n\n<div class=\"block-wrapper block-wrapper--paragraph\"><div class=\"container container--narrow\">\n<p class=\"has-text-color has-link-color has-medium-font-size wp-elements-ee7d2e7d16f2de5d3851a15cce3aec28\" style=\"color:#6a7282\">The initiator of the whole story and the main \u201cculprit\u201d behind bringing the team together. A computer science student by education, and in practice the person pushing the project forward. From management and networking to implementing AI solutions and vibe coding. His key skill? When the project gets stuck, he looks for a solution, even if it means learning completely new skills along the way.<\/p>\n<\/div><\/div><\/div>\n\n\n\n<div class=\"wp-block-column has-background is-layout-flow wp-block-column-is-layout-flow\" style=\"background-color:#f3efea\"><div class=\"block-wrapper block-wrapper--image\"><div class=\"container container--narrow\">\n<figure class=\"wp-block-image size-full is-resized\"><img loading=\"lazy\" decoding=\"async\" width=\"112\" height=\"112\" src=\"https:\/\/gogull.app\/wp-content\/uploads\/2026\/03\/user-centered.png\" alt=\"\" class=\"wp-image-707\" style=\"object-fit:cover;width:56px;height:56px\" srcset=\"https:\/\/gogull.app\/wp-content\/uploads\/2026\/03\/user-centered.png 112w, https:\/\/gogull.app\/wp-content\/uploads\/2026\/03\/user-centered-12x12.png 12w\" sizes=\"auto, (max-width: 112px) 100vw, 112px\" \/><\/figure>\n<\/div><\/div>\n\n<div class=\"block-wrapper block-wrapper--heading\"><div class=\"container container--narrow\">\n<h3 class=\"wp-block-heading\">Davor Novoselac<\/h3>\n<\/div><\/div>\n\n<div class=\"block-wrapper block-wrapper--heading\"><div class=\"container container--narrow\">\n<h4 class=\"wp-block-heading\">Lead Full-stack &amp; Front-end Developer<\/h4>\n<\/div><\/div>\n\n<div class=\"block-wrapper block-wrapper--paragraph\"><div class=\"container container--narrow\">\n<p class=\"has-text-color has-link-color has-medium-font-size wp-elements-6bf41b5051c00441590e61f143ca4665\" style=\"color:#6a7282\">The experienced architect of our web solutions. Davor is a passionate developer with extensive experience working on complex SaaS startup projects and custom solutions. Always ready for new technical challenges, he is the technical backbone of our team, ensuring the platform is stable, fast and ready for serious scaling.<\/p>\n<\/div><\/div><\/div>\n<\/div>\n<\/div><\/div>\n\n<div class=\"block-wrapper block-wrapper--columns\"><div class=\"container container--narrow\">\n<div class=\"wp-block-columns is-layout-flex wp-container-core-columns-is-layout-9d6595d7 wp-block-columns-is-layout-flex\">\n<div class=\"wp-block-column has-background is-layout-flow wp-block-column-is-layout-flow\" style=\"background-color:#f3efea\"><div class=\"block-wrapper block-wrapper--image\"><div class=\"container container--narrow\">\n<figure class=\"wp-block-image size-full is-resized\"><img loading=\"lazy\" decoding=\"async\" width=\"112\" height=\"112\" src=\"https:\/\/gogull.app\/wp-content\/uploads\/2026\/03\/user-centered.png\" alt=\"\" class=\"wp-image-707\" style=\"object-fit:cover;width:56px;height:56px\" srcset=\"https:\/\/gogull.app\/wp-content\/uploads\/2026\/03\/user-centered.png 112w, https:\/\/gogull.app\/wp-content\/uploads\/2026\/03\/user-centered-12x12.png 12w\" sizes=\"auto, (max-width: 112px) 100vw, 112px\" \/><\/figure>\n<\/div><\/div>\n\n<div class=\"block-wrapper block-wrapper--heading\"><div class=\"container container--narrow\">\n<h3 class=\"wp-block-heading\">Valentina Pavi\u0107<\/h3>\n<\/div><\/div>\n\n<div class=\"block-wrapper block-wrapper--heading\"><div class=\"container container--narrow\">\n<h4 class=\"wp-block-heading\">Growth &amp; Marketing Strategist<\/h4>\n<\/div><\/div>\n\n<div class=\"block-wrapper block-wrapper--paragraph\"><div class=\"container container--narrow\">\n<p class=\"has-text-color has-link-color has-medium-font-size wp-elements-42a7c04ea0c17e5ce470afd85fbfa657\" style=\"color:#6a7282\">Valentina holds a Master\u2019s degree in Economics and keeps the reins of our growth. She focuses her energy on digital marketing, growing our social media presence, and shaping our user acquisition strategy, while her financial background ensures that every marketing decision and business model has a solid foundation and long-term sustainability.<\/p>\n<\/div><\/div><\/div>\n\n\n\n<div class=\"wp-block-column has-background is-layout-flow wp-block-column-is-layout-flow\" style=\"background-color:#f3efea\"><div class=\"block-wrapper block-wrapper--image\"><div class=\"container container--narrow\">\n<figure class=\"wp-block-image size-full is-resized\"><img loading=\"lazy\" decoding=\"async\" width=\"112\" height=\"112\" src=\"https:\/\/gogull.app\/wp-content\/uploads\/2026\/03\/user-centered.png\" alt=\"\" class=\"wp-image-707\" style=\"object-fit:cover;width:56px;height:56px\" srcset=\"https:\/\/gogull.app\/wp-content\/uploads\/2026\/03\/user-centered.png 112w, https:\/\/gogull.app\/wp-content\/uploads\/2026\/03\/user-centered-12x12.png 12w\" sizes=\"auto, (max-width: 112px) 100vw, 112px\" \/><\/figure>\n<\/div><\/div>\n\n<div class=\"block-wrapper block-wrapper--heading\"><div class=\"container container--narrow\">\n<h3 class=\"wp-block-heading\">Danijel Hegedi\u0161<\/h3>\n<\/div><\/div>\n\n<div class=\"block-wrapper block-wrapper--heading\"><div class=\"container container--narrow\">\n<h4 class=\"wp-block-heading\">Creative Lead &amp; Marketing Wizard<\/h4>\n<\/div><\/div>\n\n<div class=\"block-wrapper block-wrapper--paragraph\"><div class=\"container container--narrow\">\n<p class=\"has-text-color has-link-color has-medium-font-size wp-elements-5f405ada15138d4d1d7c685cae92caaf\" style=\"color:#6a7282\">Our \u201cSwiss Army knife\u201d for everything visual. As the owner of his own marketing agency, Kvadrant, Danijel brings serious professional experience to the team. Whether it\u2019s video production, copywriting, design, or AI tools, he is responsible for turning our abstract ideas into high-impact campaigns that capture attention and stop the scroll.<\/p>\n<\/div><\/div><\/div>\n<\/div>\n<\/div><\/div>\n\n<div class=\"block-wrapper block-wrapper--columns\"><div class=\"container container--narrow\">\n<div class=\"wp-block-columns is-layout-flex wp-container-core-columns-is-layout-9d6595d7 wp-block-columns-is-layout-flex\">\n<div class=\"wp-block-column has-background is-layout-flow wp-block-column-is-layout-flow\" style=\"background-color:#f3efea\"><div class=\"block-wrapper block-wrapper--image\"><div class=\"container container--narrow\">\n<figure class=\"wp-block-image size-full is-resized\"><img loading=\"lazy\" decoding=\"async\" width=\"112\" height=\"112\" src=\"https:\/\/gogull.app\/wp-content\/uploads\/2026\/03\/user-centered.png\" alt=\"\" class=\"wp-image-707\" style=\"object-fit:cover;width:56px;height:56px\" srcset=\"https:\/\/gogull.app\/wp-content\/uploads\/2026\/03\/user-centered.png 112w, https:\/\/gogull.app\/wp-content\/uploads\/2026\/03\/user-centered-12x12.png 12w\" sizes=\"auto, (max-width: 112px) 100vw, 112px\" \/><\/figure>\n<\/div><\/div>\n\n<div class=\"block-wrapper block-wrapper--heading\"><div class=\"container container--narrow\">\n<h3 class=\"wp-block-heading\">Jelena Dodi\u0107 Milo\u0161<\/h3>\n<\/div><\/div>\n\n<div class=\"block-wrapper block-wrapper--heading\"><div class=\"container container--narrow\">\n<h4 class=\"wp-block-heading\">Lead UX\/UI &amp; Product Designer<\/h4>\n<\/div><\/div>\n\n<div class=\"block-wrapper block-wrapper--paragraph\"><div class=\"container container--narrow\">\n<p class=\"has-text-color has-link-color has-medium-font-size wp-elements-5040da5e535986c1c6caa37e2786d598\" style=\"color:#6a7282\">Her mission is simple: to ensure our MVP is not only functional, but also intuitive. Jelena works with Figma and Webflow, conducts UX research, and makes sure the transition from design to code runs smoothly. She is the voice of our future users.<\/p>\n<\/div><\/div><\/div>\n\n\n\n<div class=\"wp-block-column has-background is-layout-flow wp-block-column-is-layout-flow\" style=\"background-color:#f3efea\"><div class=\"block-wrapper block-wrapper--image\"><div class=\"container container--narrow\">\n<figure class=\"wp-block-image size-full is-resized\"><img loading=\"lazy\" decoding=\"async\" width=\"112\" height=\"112\" src=\"https:\/\/gogull.app\/wp-content\/uploads\/2026\/03\/user-centered.png\" alt=\"\" class=\"wp-image-707\" style=\"object-fit:cover;width:56px;height:56px\" srcset=\"https:\/\/gogull.app\/wp-content\/uploads\/2026\/03\/user-centered.png 112w, https:\/\/gogull.app\/wp-content\/uploads\/2026\/03\/user-centered-12x12.png 12w\" sizes=\"auto, (max-width: 112px) 100vw, 112px\" \/><\/figure>\n<\/div><\/div>\n\n<div class=\"block-wrapper block-wrapper--heading\"><div class=\"container container--narrow\">\n<h3 class=\"wp-block-heading\">Heni Th\u00fcr Gari\u0107<\/h3>\n<\/div><\/div>\n\n<div class=\"block-wrapper block-wrapper--heading\"><div class=\"container container--narrow\">\n<h4 class=\"wp-block-heading\">QA Engineer &amp; Legal Counsel<\/h4>\n<\/div><\/div>\n\n<div class=\"block-wrapper block-wrapper--paragraph\"><div class=\"container container--narrow\">\n<p class=\"has-text-color has-link-color has-medium-font-size wp-elements-742c38d91075b0abb388c004ed724a1e\" style=\"color:#6a7282\">A unique and incredibly valuable combination of law and technology. A Master of Law who relentlessly hunts bugs and tests our applications to their limits, while also actively learning how to program and build apps in her free time. Alongside QA, she keeps a close eye on contracts, regulations and the legal side of the project.<\/p>\n<\/div><\/div><\/div>\n<\/div>\n<\/div><\/div>\n\n<div class=\"block-wrapper block-wrapper--columns\"><div class=\"container container--narrow\">\n<div class=\"wp-block-columns is-layout-flex wp-container-core-columns-is-layout-9d6595d7 wp-block-columns-is-layout-flex\">\n<div class=\"wp-block-column has-background is-layout-flow wp-block-column-is-layout-flow\" style=\"background-color:#f3efea;flex-basis:48%\"><div class=\"block-wrapper block-wrapper--image\"><div class=\"container container--narrow\">\n<figure class=\"wp-block-image size-full is-resized\"><img loading=\"lazy\" decoding=\"async\" width=\"112\" height=\"112\" src=\"https:\/\/gogull.app\/wp-content\/uploads\/2026\/03\/user-centered.png\" alt=\"\" class=\"wp-image-707\" style=\"object-fit:cover;width:56px;height:56px\" srcset=\"https:\/\/gogull.app\/wp-content\/uploads\/2026\/03\/user-centered.png 112w, https:\/\/gogull.app\/wp-content\/uploads\/2026\/03\/user-centered-12x12.png 12w\" sizes=\"auto, (max-width: 112px) 100vw, 112px\" \/><\/figure>\n<\/div><\/div>\n\n<div class=\"block-wrapper block-wrapper--heading\"><div class=\"container container--narrow\">\n<h3 class=\"wp-block-heading\">Kate Kragi\u0107<\/h3>\n<\/div><\/div>\n\n<div class=\"block-wrapper block-wrapper--heading\"><div class=\"container container--narrow\">\n<h4 class=\"wp-block-heading\">Digital Marketing &amp; Content Lead<\/h4>\n<\/div><\/div>\n\n<div class=\"block-wrapper block-wrapper--paragraph\"><div class=\"container container--narrow\">\n<p class=\"has-text-color has-link-color has-medium-font-size wp-elements-0071438eaa4efb7138fcad7677b26ca1\" style=\"color:#6a7282\">A master of online communication with our future users. Kate transforms our vision into engaging content. From market research to creating strategies that bring in our first whitelist sign-ups, she ensures our project is heard about exactly where it needs to be.<\/p>\n<\/div><\/div><\/div>\n\n\n\n<div class=\"wp-block-column is-layout-flow wp-block-column-is-layout-flow\"><\/div>\n<\/div>\n<\/div><\/div><\/div>\n<\/div><\/div><\/div>\n\n\n<section id=\"vidite-potencijal-otvoreni-smo-za-razgovore\" class=\"section cta-centered font-dmsans bg-dark mt-xlarge\">\n    <div class=\"container\">\n\n      \t<div class=\"cta-centered__wrapper launimation slideBottom\">\n\n\t\t\t\t\t\t\t<h2 class=\"cta-centered__heading section__title\">Do you see the potential? <br> We\u2019re open to conversations.<\/h2>\n\t\t\t\n\t\t\t\n\t\t\t<div class=\"cta__ctas button-group\">\n\t\t\t\t\t\t\t\t\t<a href=\"https:\/\/gogull.app\/en\/#prijavi-se-za-demo\" class=\"cta__button button\" title=\"Request our Pitch Deck\" target=\"_self\">Request our Pitch Deck<i class=\"icon icon--chevron icon--small\" style=\"background-color: currentColor\"><\/i><\/a>\t\t\t\t\n\t\t\t\t\t\t\t\t\t<a href=\"mailto:business@stipebartulovic.com\" class=\"cta__button button button--outline\" title=\"Contact the Founder\" target=\"_blank\">Contact the Founder<\/a>\t\t\t\t\t\t\t<\/div>\n\n      \t<\/div><!-- wrapper -->\n\n    <\/div><!-- container -->\n<\/section>","protected":false},"excerpt":{"rendered":"<p>O nama Od ideje do MVP-a Danas putnici imaju pristup velikoj koli\u010dini informacija, ali pronalazak pravih mjesta \u010desto zahtijeva kori\u0161tenje vi\u0161e razli\u010ditih aplikacija. Kako bi\u2026<\/p>","protected":false},"author":1,"featured_media":0,"parent":0,"menu_order":0,"comment_status":"closed","ping_status":"closed","template":"","meta":{"_acf_changed":false,"footnotes":""},"class_list":["post-458","page","type-page","status-publish","hentry"],"acf":[],"yoast_head":"<!-- This site is optimized with the Yoast SEO plugin v27.1.1 - https:\/\/yoast.com\/product\/yoast-seo-wordpress\/ -->\n<title>O nama - gogull<\/title>\n<meta name=\"robots\" content=\"noindex, follow, max-snippet:-1, max-image-preview:large, max-video-preview:-1\" \/>\n<meta property=\"og:locale\" content=\"en_GB\" \/>\n<meta property=\"og:type\" content=\"article\" \/>\n<meta property=\"og:title\" content=\"O nama - gogull\" \/>\n<meta property=\"og:description\" content=\"O nama Od ideje do MVP-a Danas putnici imaju pristup velikoj koli\u010dini informacija, ali pronalazak pravih mjesta \u010desto zahtijeva kori\u0161tenje vi\u0161e razli\u010ditih aplikacija. Kako bi\u2026\" \/>\n<meta property=\"og:url\" content=\"https:\/\/gogull.app\/en\/o-nama\/\" \/>\n<meta property=\"og:site_name\" content=\"gogull\" \/>\n<meta property=\"article:modified_time\" content=\"2026-03-21T16:49:27+00:00\" \/>\n<meta property=\"og:image\" content=\"https:\/\/gogull.app\/wp-content\/uploads\/2026\/03\/user-centered.png\" \/>\n\t<meta property=\"og:image:width\" content=\"112\" \/>\n\t<meta property=\"og:image:height\" content=\"112\" \/>\n\t<meta property=\"og:image:type\" content=\"image\/png\" \/>\n<meta name=\"twitter:card\" content=\"summary_large_image\" \/>\n<meta name=\"twitter:label1\" content=\"Est. reading time\" \/>\n\t<meta name=\"twitter:data1\" content=\"5 minutes\" \/>\n<script type=\"application\/ld+json\" class=\"yoast-schema-graph\">{\"@context\":\"https:\/\/schema.org\",\"@graph\":[{\"@type\":\"WebPage\",\"@id\":\"https:\/\/gogull.app\/o-nama\/\",\"url\":\"https:\/\/gogull.app\/o-nama\/\",\"name\":\"O nama - gogull\",\"isPartOf\":{\"@id\":\"https:\/\/gogull.app\/#website\"},\"primaryImageOfPage\":{\"@id\":\"https:\/\/gogull.app\/o-nama\/#primaryimage\"},\"image\":{\"@id\":\"https:\/\/gogull.app\/o-nama\/#primaryimage\"},\"thumbnailUrl\":\"https:\/\/gogull.app\/wp-content\/uploads\/2026\/03\/user-centered.png\",\"datePublished\":\"2026-03-14T20:52:48+00:00\",\"dateModified\":\"2026-03-21T16:49:27+00:00\",\"breadcrumb\":{\"@id\":\"https:\/\/gogull.app\/o-nama\/#breadcrumb\"},\"inLanguage\":\"en-GB\",\"potentialAction\":[{\"@type\":\"ReadAction\",\"target\":[\"https:\/\/gogull.app\/o-nama\/\"]}]},{\"@type\":\"ImageObject\",\"inLanguage\":\"en-GB\",\"@id\":\"https:\/\/gogull.app\/o-nama\/#primaryimage\",\"url\":\"https:\/\/gogull.app\/wp-content\/uploads\/2026\/03\/user-centered.png\",\"contentUrl\":\"https:\/\/gogull.app\/wp-content\/uploads\/2026\/03\/user-centered.png\"},{\"@type\":\"BreadcrumbList\",\"@id\":\"https:\/\/gogull.app\/o-nama\/#breadcrumb\",\"itemListElement\":[{\"@type\":\"ListItem\",\"position\":1,\"name\":\"Home\",\"item\":\"https:\/\/gogull.app\/\"},{\"@type\":\"ListItem\",\"position\":2,\"name\":\"O nama\"}]},{\"@type\":\"WebSite\",\"@id\":\"https:\/\/gogull.app\/#website\",\"url\":\"https:\/\/gogull.app\/\",\"name\":\"gogull\",\"description\":\"\",\"potentialAction\":[{\"@type\":\"SearchAction\",\"target\":{\"@type\":\"EntryPoint\",\"urlTemplate\":\"https:\/\/gogull.app\/?s={search_term_string}\"},\"query-input\":{\"@type\":\"PropertyValueSpecification\",\"valueRequired\":true,\"valueName\":\"search_term_string\"}}],\"inLanguage\":\"en-GB\"}]}<\/script>\n<!-- \/ Yoast SEO plugin. -->","yoast_head_json":{"title":"O nama - gogull","robots":{"index":"noindex","follow":"follow","max-snippet":"max-snippet:-1","max-image-preview":"max-image-preview:large","max-video-preview":"max-video-preview:-1"},"og_locale":"en_GB","og_type":"article","og_title":"O nama - gogull","og_description":"O nama Od ideje do MVP-a Danas putnici imaju pristup velikoj koli\u010dini informacija, ali pronalazak pravih mjesta \u010desto zahtijeva kori\u0161tenje vi\u0161e razli\u010ditih aplikacija. Kako bi\u2026","og_url":"https:\/\/gogull.app\/en\/o-nama\/","og_site_name":"gogull","article_modified_time":"2026-03-21T16:49:27+00:00","og_image":[{"width":112,"height":112,"url":"https:\/\/gogull.app\/wp-content\/uploads\/2026\/03\/user-centered.png","type":"image\/png"}],"twitter_card":"summary_large_image","twitter_misc":{"Est. reading time":"5 minutes"},"schema":{"@context":"https:\/\/schema.org","@graph":[{"@type":"WebPage","@id":"https:\/\/gogull.app\/o-nama\/","url":"https:\/\/gogull.app\/o-nama\/","name":"O nama - gogull","isPartOf":{"@id":"https:\/\/gogull.app\/#website"},"primaryImageOfPage":{"@id":"https:\/\/gogull.app\/o-nama\/#primaryimage"},"image":{"@id":"https:\/\/gogull.app\/o-nama\/#primaryimage"},"thumbnailUrl":"https:\/\/gogull.app\/wp-content\/uploads\/2026\/03\/user-centered.png","datePublished":"2026-03-14T20:52:48+00:00","dateModified":"2026-03-21T16:49:27+00:00","breadcrumb":{"@id":"https:\/\/gogull.app\/o-nama\/#breadcrumb"},"inLanguage":"en-GB","potentialAction":[{"@type":"ReadAction","target":["https:\/\/gogull.app\/o-nama\/"]}]},{"@type":"ImageObject","inLanguage":"en-GB","@id":"https:\/\/gogull.app\/o-nama\/#primaryimage","url":"https:\/\/gogull.app\/wp-content\/uploads\/2026\/03\/user-centered.png","contentUrl":"https:\/\/gogull.app\/wp-content\/uploads\/2026\/03\/user-centered.png"},{"@type":"BreadcrumbList","@id":"https:\/\/gogull.app\/o-nama\/#breadcrumb","itemListElement":[{"@type":"ListItem","position":1,"name":"Home","item":"https:\/\/gogull.app\/"},{"@type":"ListItem","position":2,"name":"O nama"}]},{"@type":"WebSite","@id":"https:\/\/gogull.app\/#website","url":"https:\/\/gogull.app\/","name":"gogull","description":"","potentialAction":[{"@type":"SearchAction","target":{"@type":"EntryPoint","urlTemplate":"https:\/\/gogull.app\/?s={search_term_string}"},"query-input":{"@type":"PropertyValueSpecification","valueRequired":true,"valueName":"search_term_string"}}],"inLanguage":"en-GB"}]}},"_links":{"self":[{"href":"https:\/\/gogull.app\/en\/wp-json\/wp\/v2\/pages\/458","targetHints":{"allow":["GET"]}}],"collection":[{"href":"https:\/\/gogull.app\/en\/wp-json\/wp\/v2\/pages"}],"about":[{"href":"https:\/\/gogull.app\/en\/wp-json\/wp\/v2\/types\/page"}],"author":[{"embeddable":true,"href":"https:\/\/gogull.app\/en\/wp-json\/wp\/v2\/users\/1"}],"replies":[{"embeddable":true,"href":"https:\/\/gogull.app\/en\/wp-json\/wp\/v2\/comments?post=458"}],"version-history":[{"count":39,"href":"https:\/\/gogull.app\/en\/wp-json\/wp\/v2\/pages\/458\/revisions"}],"predecessor-version":[{"id":715,"href":"https:\/\/gogull.app\/en\/wp-json\/wp\/v2\/pages\/458\/revisions\/715"}],"wp:attachment":[{"href":"https:\/\/gogull.app\/en\/wp-json\/wp\/v2\/media?parent=458"}],"curies":[{"name":"wp","href":"https:\/\/api.w.org\/{rel}","templated":true}]}}