{"id":601,"date":"2026-03-16T13:12:17","date_gmt":"2026-03-16T13:12:17","guid":{"rendered":"https:\/\/gogull.app\/?page_id=601"},"modified":"2026-03-17T19:38:46","modified_gmt":"2026-03-17T19:38:46","slug":"kontakt","status":"publish","type":"page","link":"https:\/\/gogull.app\/en\/kontakt\/","title":{"rendered":"Kontakt"},"content":{"rendered":"<div class=\"block-wrapper block-wrapper--heading\"><div class=\"container container--narrow\">\n<h2 class=\"wp-block-heading has-text-align-center\">Kontaktirajte nas<\/h2>\n<\/div><\/div>\n\n<div class=\"block-wrapper block-wrapper--paragraph\"><div class=\"container container--narrow\">\n<p class=\"has-text-align-center has-text-color has-link-color has-medium-font-size wp-elements-15454a37d2bae0bbc1bb9a8133e69253\" style=\"color:#6a7282\">Imate pitanje, prijedlog ili \u017eelite saznati vi\u0161e o Gogullu?<br>Po\u0161aljite nam poruku putem forme i javit \u0107emo vam se u najkra\u0107em mogu\u0107em roku.<\/p>\n<\/div><\/div>\n\n<div class=\"block-wrapper block-wrapper--paragraph\"><div class=\"container container--narrow\">\n<p class=\"has-text-align-center has-text-color has-link-color has-medium-font-size wp-elements-b02935693e7cc7f2e9d0218ca56828a6\" style=\"color:#6a7282\">Ako ste investitor, partner ili \u017eelite pratiti razvoj projekta, slobodno nam se javite.<\/p>\n<\/div><\/div>\n\n<div class=\"block-wrapper block-wrapper--group\"><div class=\"container container--narrow\">\n<div class=\"wp-block-group\"><div class=\"wp-block-group__inner-container is-layout-constrained wp-block-group-is-layout-constrained\">\n\n<div class='fluentform ff-default fluentform_wrapper_5  ff_guten_block ff_guten_block-5 ffs_default_wrap'><form data-form_id=\"5\" id=\"fluentform_5\" class=\"frm-fluent-form fluent_form_5 ff-el-form-top ff_form_instance_5_2 ff-form-loading ffs_default\" data-form_instance=\"ff_form_instance_5_2\" method=\"POST\" ><fieldset  style=\"border: none!important;margin: 0!important;padding: 0!important;background-color: transparent!important;box-shadow: none!important;outline: none!important; min-inline-size: 100%;\">\n                    <legend class=\"ff_screen_reader_title\" style=\"display: block; margin: 0!important;padding: 0!important;height: 0!important;text-indent: -999999px;width: 0!important;overflow:hidden;\">Contact form &#8211; en<\/legend><input type='hidden' name='__fluent_form_embded_post_id' value='601' \/><input type=\"hidden\" id=\"_fluentform_5_fluentformnonce\" name=\"_fluentform_5_fluentformnonce\" value=\"8e1110d7f6\" \/><input type=\"hidden\" name=\"_wp_http_referer\" value=\"\/en\/wp-json\/wp\/v2\/pages\/601\" \/><div data-type=\"name-element\" data-name=\"names\" class=\" ff-field_container ff-name-field-wrapper\" ><div class='ff-t-container'><div class='ff-t-cell '><div class='ff-el-group ff-el-form-top'><div class=\"ff-el-input--label ff-el-is-required asterisk-right\"><label for='ff_5_2_names_first_name_' id='label_ff_5_2_names_first_name_' >First name<\/label><\/div><div class='ff-el-input--content'><input type=\"text\" name=\"names[first_name]\" id=\"ff_5_2_names_first_name_\" class=\"ff-el-form-control\" placeholder=\"Enter your first name\" aria-invalid=\"false\" aria-required=true><\/div><\/div><\/div><div class='ff-t-cell '><div class='ff-el-group ff-el-form-top'><div class=\"ff-el-input--label ff-el-is-required asterisk-right\"><label for='ff_5_2_names_last_name_' id='label_ff_5_2_names_last_name_' >Last name<\/label><\/div><div class='ff-el-input--content'><input type=\"text\" name=\"names[last_name]\" id=\"ff_5_2_names_last_name_\" class=\"ff-el-form-control\" placeholder=\"Enter you last name\" aria-invalid=\"false\" aria-required=true><\/div><\/div><\/div><\/div><\/div><div class='ff-el-group'><div class=\"ff-el-input--label ff-el-is-required asterisk-right\"><label for='ff_5_2_email' id='label_ff_5_2_email' aria-label=\"Email\">Email<\/label><\/div><div class='ff-el-input--content'><input type=\"email\" name=\"email\" id=\"ff_5_2_email\" class=\"ff-el-form-control\" placeholder=\"Enter your email address\" data-name=\"email\"  aria-invalid=\"false\" aria-required=true><\/div><\/div><div class='ff-el-group'><div class=\"ff-el-input--label asterisk-right\"><label for='ff_5_2_input_text' id='label_ff_5_2_input_text' aria-label=\"Company\">Company<\/label><\/div><div class='ff-el-input--content'><input type=\"text\" name=\"input_text\" class=\"ff-el-form-control\" placeholder=\"Enter your company name\" data-name=\"input_text\" id=\"ff_5_2_input_text\"  aria-invalid=\"false\" aria-required=false><\/div><\/div><div class='ff-el-group'><div class=\"ff-el-input--label ff-el-is-required asterisk-right\"><label for='ff_5_2_description' id='label_ff_5_2_description' aria-label=\"Message\">Message<\/label><\/div><div class='ff-el-input--content'><textarea aria-required=\"true\" aria-labelledby=\"label_ff_5_2_description\" name=\"description\" id=\"ff_5_2_description\" class=\"ff-el-form-control\" placeholder=\"Enter your message\" rows=\"3\" cols=\"2\" data-name=\"description\" ><\/textarea><\/div><\/div><div class='ff-el-group ff-text-left ff_submit_btn_wrapper'><button type=\"submit\" class=\"ff-btn ff-btn-submit ff-btn-md ff_btn_style\"  aria-label=\"Send\">Send<\/button><\/div><\/fieldset><\/form><div id='fluentform_5_errors' class='ff-errors-in-stack ff_form_instance_5_2 ff-form-loading_errors ff_form_instance_5_2_errors'><\/div><\/div>            <script type=\"text\/javascript\">\n                window.fluent_form_ff_form_instance_5_2 = {\"id\":\"5\",\"ajaxUrl\":\"https:\\\/\\\/gogull.app\\\/wp-admin\\\/admin-ajax.php\",\"settings\":{\"layout\":{\"labelPlacement\":\"top\",\"asteriskPlacement\":\"asterisk-right\",\"helpMessagePlacement\":\"with_label\",\"errorMessagePlacement\":\"inline\",\"cssClassName\":\"\"},\"restrictions\":{\"denyEmptySubmission\":{\"enabled\":false}}},\"form_instance\":\"ff_form_instance_5_2\",\"form_id_selector\":\"fluentform_5\",\"rules\":{\"names[first_name]\":{\"required\":{\"value\":true,\"message\":\"This field is required\",\"global_message\":\"This field is required\",\"global\":true}},\"names[middle_name]\":{\"required\":{\"value\":false,\"message\":\"This field is required\",\"global_message\":\"This field is required\",\"global\":true}},\"names[last_name]\":{\"required\":{\"value\":true,\"message\":\"This field is required\",\"global_message\":\"This field is required\",\"global\":true}},\"email\":{\"required\":{\"value\":true,\"message\":\"This field is required\",\"global_message\":\"This field is required\",\"global\":true},\"email\":{\"value\":true,\"message\":\"This field must contain a valid email\",\"global_message\":\"This field must contain a valid email\",\"global\":true}},\"input_text\":{\"required\":{\"value\":false,\"message\":\"This field is required\",\"global_message\":\"This field is required\",\"global\":true}},\"description\":{\"required\":{\"value\":true,\"message\":\"This field is required\",\"global_message\":\"This field is required\",\"global\":true}}},\"debounce_time\":300};\n                            <\/script>\n            <\/div>\n<\/div><\/div><\/div>","protected":false},"excerpt":{"rendered":"<p>Kontaktirajte nas Imate pitanje, prijedlog ili \u017eelite saznati vi\u0161e o Gogullu?Po\u0161aljite nam poruku putem forme i javit \u0107emo vam se u najkra\u0107em mogu\u0107em roku. Ako\u2026<\/p>","protected":false},"author":2,"featured_media":0,"parent":0,"menu_order":0,"comment_status":"closed","ping_status":"closed","template":"","meta":{"_acf_changed":false,"footnotes":""},"class_list":["post-601","page","type-page","status-publish","hentry"],"acf":[],"yoast_head":"<!-- This site is optimized with the Yoast SEO plugin v27.1.1 - https:\/\/yoast.com\/product\/yoast-seo-wordpress\/ -->\n<title>Kontakt - gogull<\/title>\n<meta name=\"robots\" content=\"noindex, follow, max-snippet:-1, max-image-preview:large, max-video-preview:-1\" \/>\n<meta property=\"og:locale\" content=\"en_GB\" \/>\n<meta property=\"og:type\" content=\"article\" \/>\n<meta property=\"og:title\" content=\"Kontakt - gogull\" \/>\n<meta property=\"og:description\" content=\"Kontaktirajte nas Imate pitanje, prijedlog ili \u017eelite saznati vi\u0161e o Gogullu?Po\u0161aljite nam poruku putem forme i javit \u0107emo vam se u najkra\u0107em mogu\u0107em roku. Ako\u2026\" \/>\n<meta property=\"og:url\" content=\"https:\/\/gogull.app\/en\/kontakt\/\" \/>\n<meta property=\"og:site_name\" content=\"gogull\" \/>\n<meta property=\"article:modified_time\" content=\"2026-03-17T19:38:46+00:00\" \/>\n<meta name=\"twitter:card\" content=\"summary_large_image\" \/>\n<meta name=\"twitter:label1\" content=\"Est. reading time\" \/>\n\t<meta name=\"twitter:data1\" content=\"1 minute\" \/>\n<script type=\"application\/ld+json\" class=\"yoast-schema-graph\">{\"@context\":\"https:\/\/schema.org\",\"@graph\":[{\"@type\":\"WebPage\",\"@id\":\"https:\/\/gogull.app\/kontakt\/\",\"url\":\"https:\/\/gogull.app\/kontakt\/\",\"name\":\"Kontakt - gogull\",\"isPartOf\":{\"@id\":\"https:\/\/gogull.app\/#website\"},\"datePublished\":\"2026-03-16T13:12:17+00:00\",\"dateModified\":\"2026-03-17T19:38:46+00:00\",\"breadcrumb\":{\"@id\":\"https:\/\/gogull.app\/kontakt\/#breadcrumb\"},\"inLanguage\":\"en-GB\",\"potentialAction\":[{\"@type\":\"ReadAction\",\"target\":[\"https:\/\/gogull.app\/kontakt\/\"]}]},{\"@type\":\"BreadcrumbList\",\"@id\":\"https:\/\/gogull.app\/kontakt\/#breadcrumb\",\"itemListElement\":[{\"@type\":\"ListItem\",\"position\":1,\"name\":\"Home\",\"item\":\"https:\/\/gogull.app\/\"},{\"@type\":\"ListItem\",\"position\":2,\"name\":\"Kontakt\"}]},{\"@type\":\"WebSite\",\"@id\":\"https:\/\/gogull.app\/#website\",\"url\":\"https:\/\/gogull.app\/\",\"name\":\"gogull\",\"description\":\"\",\"potentialAction\":[{\"@type\":\"SearchAction\",\"target\":{\"@type\":\"EntryPoint\",\"urlTemplate\":\"https:\/\/gogull.app\/?s={search_term_string}\"},\"query-input\":{\"@type\":\"PropertyValueSpecification\",\"valueRequired\":true,\"valueName\":\"search_term_string\"}}],\"inLanguage\":\"en-GB\"}]}<\/script>\n<!-- \/ Yoast SEO plugin. -->","yoast_head_json":{"title":"Kontakt - gogull","robots":{"index":"noindex","follow":"follow","max-snippet":"max-snippet:-1","max-image-preview":"max-image-preview:large","max-video-preview":"max-video-preview:-1"},"og_locale":"en_GB","og_type":"article","og_title":"Kontakt - gogull","og_description":"Kontaktirajte nas Imate pitanje, prijedlog ili \u017eelite saznati vi\u0161e o Gogullu?Po\u0161aljite nam poruku putem forme i javit \u0107emo vam se u najkra\u0107em mogu\u0107em roku. Ako\u2026","og_url":"https:\/\/gogull.app\/en\/kontakt\/","og_site_name":"gogull","article_modified_time":"2026-03-17T19:38:46+00:00","twitter_card":"summary_large_image","twitter_misc":{"Est. reading time":"1 minute"},"schema":{"@context":"https:\/\/schema.org","@graph":[{"@type":"WebPage","@id":"https:\/\/gogull.app\/kontakt\/","url":"https:\/\/gogull.app\/kontakt\/","name":"Kontakt - gogull","isPartOf":{"@id":"https:\/\/gogull.app\/#website"},"datePublished":"2026-03-16T13:12:17+00:00","dateModified":"2026-03-17T19:38:46+00:00","breadcrumb":{"@id":"https:\/\/gogull.app\/kontakt\/#breadcrumb"},"inLanguage":"en-GB","potentialAction":[{"@type":"ReadAction","target":["https:\/\/gogull.app\/kontakt\/"]}]},{"@type":"BreadcrumbList","@id":"https:\/\/gogull.app\/kontakt\/#breadcrumb","itemListElement":[{"@type":"ListItem","position":1,"name":"Home","item":"https:\/\/gogull.app\/"},{"@type":"ListItem","position":2,"name":"Kontakt"}]},{"@type":"WebSite","@id":"https:\/\/gogull.app\/#website","url":"https:\/\/gogull.app\/","name":"gogull","description":"","potentialAction":[{"@type":"SearchAction","target":{"@type":"EntryPoint","urlTemplate":"https:\/\/gogull.app\/?s={search_term_string}"},"query-input":{"@type":"PropertyValueSpecification","valueRequired":true,"valueName":"search_term_string"}}],"inLanguage":"en-GB"}]}},"_links":{"self":[{"href":"https:\/\/gogull.app\/en\/wp-json\/wp\/v2\/pages\/601","targetHints":{"allow":["GET"]}}],"collection":[{"href":"https:\/\/gogull.app\/en\/wp-json\/wp\/v2\/pages"}],"about":[{"href":"https:\/\/gogull.app\/en\/wp-json\/wp\/v2\/types\/page"}],"author":[{"embeddable":true,"href":"https:\/\/gogull.app\/en\/wp-json\/wp\/v2\/users\/2"}],"replies":[{"embeddable":true,"href":"https:\/\/gogull.app\/en\/wp-json\/wp\/v2\/comments?post=601"}],"version-history":[{"count":16,"href":"https:\/\/gogull.app\/en\/wp-json\/wp\/v2\/pages\/601\/revisions"}],"predecessor-version":[{"id":691,"href":"https:\/\/gogull.app\/en\/wp-json\/wp\/v2\/pages\/601\/revisions\/691"}],"wp:attachment":[{"href":"https:\/\/gogull.app\/en\/wp-json\/wp\/v2\/media?parent=601"}],"curies":[{"name":"wp","href":"https:\/\/api.w.org\/{rel}","templated":true}]}}