{"id":681,"date":"2026-03-17T13:56:33","date_gmt":"2026-03-17T13:56:33","guid":{"rendered":"https:\/\/gogull.app\/?page_id=681"},"modified":"2026-03-21T16:49:28","modified_gmt":"2026-03-21T16:49:28","slug":"uvjeti-koristenja","status":"publish","type":"page","link":"https:\/\/gogull.app\/en\/uvjeti-koristenja\/","title":{"rendered":"Terms of use"},"content":{"rendered":"<div class=\"block-wrapper block-wrapper--heading\"><div class=\"container container--narrow\">\n<h2 class=\"wp-block-heading has-text-align-center\">Terms of use<\/h2>\n<\/div><\/div>\n\n<div class=\"block-wrapper block-wrapper--heading\"><div class=\"container container--narrow\">\n<h3 class=\"wp-block-heading\">1. General Provisions<\/h3>\n<\/div><\/div>\n\n<div class=\"block-wrapper block-wrapper--paragraph\"><div class=\"container container--narrow\">\n<p>Welcome to Gogull.<\/p>\n<\/div><\/div>\n\n<div class=\"block-wrapper block-wrapper--paragraph\"><div class=\"container container--narrow\">\n<p>Gogull is a digital platform that allows users to explore and discover various locations, businesses, and content through an interactive map and video content.<\/p>\n<\/div><\/div>\n\n<div class=\"block-wrapper block-wrapper--paragraph\"><div class=\"container container--narrow\">\n<p>The Gogull platform is currently operated by:<\/p>\n<\/div><\/div>\n\n<div class=\"block-wrapper block-wrapper--paragraph\"><div class=\"container container--narrow\">\n<p>Stipe Bartulovi\u0107<br>(individual \u2013 project under development)<br>Croatia<br>Email: <a href=\"mailto:business@stipebartulovic.com\">business@stipebartulovic.com<\/a><\/p>\n<\/div><\/div>\n\n<div class=\"block-wrapper block-wrapper--paragraph\"><div class=\"container container--narrow\">\n<p>In these Terms, this entity will be referred to as the \u201cPlatform\u201d.<\/p>\n<\/div><\/div>\n\n<div class=\"block-wrapper block-wrapper--paragraph\"><div class=\"container container--narrow\">\n<p>By using this website or application, you acknowledge that you have read and understood this Privacy Policy.<\/p>\n<\/div><\/div>\n\n<div class=\"block-wrapper block-wrapper--heading\"><div class=\"container container--narrow\">\n<h3 class=\"wp-block-heading\">2. Description of the Service<\/h3>\n<\/div><\/div>\n\n<div class=\"block-wrapper block-wrapper--paragraph\"><div class=\"container container--narrow\">\n<p>Gogull provides users with access to:<\/p>\n<\/div><\/div>\n\n<div class=\"block-wrapper block-wrapper--list\"><div class=\"container container--narrow\">\n<ul class=\"wp-block-list\"><div class=\"block-wrapper block-wrapper--list-item\"><div class=\"container container--narrow\">\n<li>view locations on an interactive map<\/li>\n<\/div><\/div>\n\n<div class=\"block-wrapper block-wrapper--list-item\"><div class=\"container container--narrow\">\n<li>access information about businesses<\/li>\n<\/div><\/div>\n\n<div class=\"block-wrapper block-wrapper--list-item\"><div class=\"container container--narrow\">\n<li>watch video content related to specific locations or businesses<\/li>\n<\/div><\/div><\/ul>\n<\/div><\/div>\n\n<div class=\"block-wrapper block-wrapper--paragraph\"><div class=\"container container--narrow\">\n<p>The platform is intended solely for informational and promotional purposes.<\/p>\n<\/div><\/div>\n\n<div class=\"block-wrapper block-wrapper--heading\"><div class=\"container container--narrow\">\n<h3 class=\"wp-block-heading\">3.Accuracy of Information<\/h3>\n<\/div><\/div>\n\n<div class=\"block-wrapper block-wrapper--paragraph\"><div class=\"container container--narrow\">\n<p>The Platform strives to ensure the accuracy and timeliness of the information displayed, but does not guarantee that all information is completely accurate, complete, or up to date.<\/p>\n<\/div><\/div>\n\n<div class=\"block-wrapper block-wrapper--paragraph\"><div class=\"container container--narrow\">\n<p>Information about businesses may include:<\/p>\n<\/div><\/div>\n\n<div class=\"block-wrapper block-wrapper--list\"><div class=\"container container--narrow\">\n<ul class=\"wp-block-list\"><div class=\"block-wrapper block-wrapper--list-item\"><div class=\"container container--narrow\">\n<li>business name<\/li>\n<\/div><\/div>\n\n<div class=\"block-wrapper block-wrapper--list-item\"><div class=\"container container--narrow\">\n<li>address<\/li>\n<\/div><\/div>\n\n<div class=\"block-wrapper block-wrapper--list-item\"><div class=\"container container--narrow\">\n<li>opening hours<\/li>\n<\/div><\/div>\n\n<div class=\"block-wrapper block-wrapper--list-item\"><div class=\"container container--narrow\">\n<li>contact information<\/li>\n<\/div><\/div>\n\n<div class=\"block-wrapper block-wrapper--list-item\"><div class=\"container container--narrow\">\n<li>description of activities<\/li>\n<\/div><\/div><\/ul>\n<\/div><\/div>\n\n<div class=\"block-wrapper block-wrapper--paragraph\"><div class=\"container container--narrow\">\n<p>The Platform is not responsible for any inaccuracies in information provided by businesses.<\/p>\n<\/div><\/div>\n\n<div class=\"block-wrapper block-wrapper--heading\"><div class=\"container container--narrow\">\n<h3 class=\"wp-block-heading\">4. Content and Intellectual Property<\/h3>\n<\/div><\/div>\n\n<div class=\"block-wrapper block-wrapper--paragraph\"><div class=\"container container--narrow\">\n<p>All content on the Gogull platform, including:<\/p>\n<\/div><\/div>\n\n<div class=\"block-wrapper block-wrapper--list\"><div class=\"container container--narrow\">\n<ul class=\"wp-block-list\"><div class=\"block-wrapper block-wrapper--list-item\"><div class=\"container container--narrow\">\n<li>video content<\/li>\n<\/div><\/div>\n\n<div class=\"block-wrapper block-wrapper--list-item\"><div class=\"container container--narrow\">\n<li>design<\/li>\n<\/div><\/div>\n\n<div class=\"block-wrapper block-wrapper--list-item\"><div class=\"container container--narrow\">\n<li>text<\/li>\n<\/div><\/div>\n\n<div class=\"block-wrapper block-wrapper--list-item\"><div class=\"container container--narrow\">\n<li>graphic elements<\/li>\n<\/div><\/div>\n\n<div class=\"block-wrapper block-wrapper--list-item\"><div class=\"container container--narrow\">\n<li>the platform name and identity<\/li>\n<\/div><\/div><\/ul>\n<\/div><\/div>\n\n<div class=\"block-wrapper block-wrapper--paragraph\"><div class=\"container container--narrow\">\n<p>is protected by copyright and other intellectual property rights.<\/p>\n<\/div><\/div>\n\n<div class=\"block-wrapper block-wrapper--paragraph\"><div class=\"container container--narrow\">\n<p>Copying, distributing, or commercially using the content without prior permission from the Platform or the respective rights holder is prohibited.<\/p>\n<\/div><\/div>\n\n<div class=\"block-wrapper block-wrapper--heading\"><div class=\"container container--narrow\">\n<h3 class=\"wp-block-heading\">5. Platform Liability<\/h3>\n<\/div><\/div>\n\n<div class=\"block-wrapper block-wrapper--paragraph\"><div class=\"container container--narrow\">\n<p>The Gogull platform is not responsible for:<\/p>\n<\/div><\/div>\n\n<div class=\"block-wrapper block-wrapper--list\"><div class=\"container container--narrow\">\n<ul class=\"wp-block-list\"><div class=\"block-wrapper block-wrapper--list-item\"><div class=\"container container--narrow\">\n<li>the quality of products or services offered by businesses displayed on the platform<\/li>\n<\/div><\/div>\n\n<div class=\"block-wrapper block-wrapper--list-item\"><div class=\"container container--narrow\">\n<li>business relationships between users and businesses<\/li>\n<\/div><\/div>\n\n<div class=\"block-wrapper block-wrapper--list-item\"><div class=\"container container--narrow\">\n<li>any damage resulting from the use of information from the platform<\/li>\n<\/div><\/div><\/ul>\n<\/div><\/div>\n\n<div class=\"block-wrapper block-wrapper--paragraph\"><div class=\"container container--narrow\">\n<p>Users use the platform at their own risk.<\/p>\n<\/div><\/div>\n\n<div class=\"block-wrapper block-wrapper--heading\"><div class=\"container container--narrow\">\n<h3 class=\"wp-block-heading\">6. Platform Changes<\/h3>\n<\/div><\/div>\n\n<div class=\"block-wrapper block-wrapper--paragraph\"><div class=\"container container--narrow\">\n<p>The Platform reserves the right at any time to:<\/p>\n<\/div><\/div>\n\n<div class=\"block-wrapper block-wrapper--list\"><div class=\"container container--narrow\">\n<ul class=\"wp-block-list\"><div class=\"block-wrapper block-wrapper--list-item\"><div class=\"container container--narrow\">\n<li>modify platform functionalities<\/li>\n<\/div><\/div>\n\n<div class=\"block-wrapper block-wrapper--list-item\"><div class=\"container container--narrow\">\n<li>change the way content is displayed<\/li>\n<\/div><\/div>\n\n<div class=\"block-wrapper block-wrapper--list-item\"><div class=\"container container--narrow\">\n<li>remove certain content or locations<\/li>\n<\/div><\/div><\/ul>\n<\/div><\/div>\n\n<div class=\"block-wrapper block-wrapper--paragraph\"><div class=\"container container--narrow\">\n<p>without prior notice.<\/p>\n<\/div><\/div>\n\n<div class=\"block-wrapper block-wrapper--heading\"><div class=\"container container--narrow\">\n<h3 class=\"wp-block-heading\">7. Changes to the Terms of Use<\/h3>\n<\/div><\/div>\n\n<div class=\"block-wrapper block-wrapper--paragraph\"><div class=\"container container--narrow\">\n<p>The Platform may modify these Terms of Use at any time.<\/p>\n<\/div><\/div>\n\n<div class=\"block-wrapper block-wrapper--paragraph\"><div class=\"container container--narrow\">\n<p>The updated version will be published on this page.<\/p>\n<\/div><\/div>\n\n<div class=\"block-wrapper block-wrapper--heading\"><div class=\"container container--narrow\">\n<h3 class=\"wp-block-heading\">8. Governing Law<\/h3>\n<\/div><\/div>\n\n<div class=\"block-wrapper block-wrapper--paragraph\"><div class=\"container container--narrow\">\n<p>These Terms of Use shall be governed by the laws of the Republic of Croatia.<\/p>\n<\/div><\/div>\n\n<div class=\"block-wrapper block-wrapper--paragraph\"><div class=\"container container--narrow\">\n<p>In the event of a dispute, the competent court in Zagreb shall have jurisdiction.<\/p>\n<\/div><\/div>\n\n<div class=\"block-wrapper block-wrapper--paragraph\"><div class=\"container container--narrow\">\n<p><\/p>\n<\/div><\/div>","protected":false},"excerpt":{"rendered":"<p>Uvjeti kori\u0161tenja 1. Op\u0107e odredbe Dobrodo\u0161li na platformu Gogull. Gogull je digitalna platforma koja korisnicima omogu\u0107uje pregled i otkrivanje razli\u010ditih lokacija, poslovnih subjekata i sadr\u017eaja\u2026<\/p>","protected":false},"author":2,"featured_media":0,"parent":0,"menu_order":0,"comment_status":"closed","ping_status":"closed","template":"","meta":{"_acf_changed":false,"footnotes":""},"class_list":["post-681","page","type-page","status-publish","hentry"],"acf":[],"yoast_head":"<!-- This site is optimized with the Yoast SEO plugin v27.1.1 - https:\/\/yoast.com\/product\/yoast-seo-wordpress\/ -->\n<title>Uvjeti kori\u0161tenja - gogull<\/title>\n<meta name=\"robots\" content=\"noindex, follow, max-snippet:-1, max-image-preview:large, max-video-preview:-1\" \/>\n<meta property=\"og:locale\" content=\"en_GB\" \/>\n<meta property=\"og:type\" content=\"article\" \/>\n<meta property=\"og:title\" content=\"Uvjeti kori\u0161tenja - gogull\" \/>\n<meta property=\"og:description\" content=\"Uvjeti kori\u0161tenja 1. Op\u0107e odredbe Dobrodo\u0161li na platformu Gogull. Gogull je digitalna platforma koja korisnicima omogu\u0107uje pregled i otkrivanje razli\u010ditih lokacija, poslovnih subjekata i sadr\u017eaja\u2026\" \/>\n<meta property=\"og:url\" content=\"https:\/\/gogull.app\/en\/uvjeti-koristenja\/\" \/>\n<meta property=\"og:site_name\" content=\"gogull\" \/>\n<meta property=\"article:modified_time\" content=\"2026-03-21T16:49:28+00:00\" \/>\n<meta name=\"twitter:card\" content=\"summary_large_image\" \/>\n<meta name=\"twitter:label1\" content=\"Est. reading time\" \/>\n\t<meta name=\"twitter:data1\" content=\"2 minutes\" \/>\n<script type=\"application\/ld+json\" class=\"yoast-schema-graph\">{\"@context\":\"https:\/\/schema.org\",\"@graph\":[{\"@type\":\"WebPage\",\"@id\":\"https:\/\/gogull.app\/uvjeti-koristenja\/\",\"url\":\"https:\/\/gogull.app\/uvjeti-koristenja\/\",\"name\":\"Uvjeti kori\u0161tenja - gogull\",\"isPartOf\":{\"@id\":\"https:\/\/gogull.app\/#website\"},\"datePublished\":\"2026-03-17T13:56:33+00:00\",\"dateModified\":\"2026-03-21T16:49:28+00:00\",\"breadcrumb\":{\"@id\":\"https:\/\/gogull.app\/uvjeti-koristenja\/#breadcrumb\"},\"inLanguage\":\"en-GB\",\"potentialAction\":[{\"@type\":\"ReadAction\",\"target\":[\"https:\/\/gogull.app\/uvjeti-koristenja\/\"]}]},{\"@type\":\"BreadcrumbList\",\"@id\":\"https:\/\/gogull.app\/uvjeti-koristenja\/#breadcrumb\",\"itemListElement\":[{\"@type\":\"ListItem\",\"position\":1,\"name\":\"Home\",\"item\":\"https:\/\/gogull.app\/\"},{\"@type\":\"ListItem\",\"position\":2,\"name\":\"Uvjeti kori\u0161tenja\"}]},{\"@type\":\"WebSite\",\"@id\":\"https:\/\/gogull.app\/#website\",\"url\":\"https:\/\/gogull.app\/\",\"name\":\"gogull\",\"description\":\"\",\"potentialAction\":[{\"@type\":\"SearchAction\",\"target\":{\"@type\":\"EntryPoint\",\"urlTemplate\":\"https:\/\/gogull.app\/?s={search_term_string}\"},\"query-input\":{\"@type\":\"PropertyValueSpecification\",\"valueRequired\":true,\"valueName\":\"search_term_string\"}}],\"inLanguage\":\"en-GB\"}]}<\/script>\n<!-- \/ Yoast SEO plugin. -->","yoast_head_json":{"title":"Uvjeti kori\u0161tenja - gogull","robots":{"index":"noindex","follow":"follow","max-snippet":"max-snippet:-1","max-image-preview":"max-image-preview:large","max-video-preview":"max-video-preview:-1"},"og_locale":"en_GB","og_type":"article","og_title":"Uvjeti kori\u0161tenja - gogull","og_description":"Uvjeti kori\u0161tenja 1. Op\u0107e odredbe Dobrodo\u0161li na platformu Gogull. Gogull je digitalna platforma koja korisnicima omogu\u0107uje pregled i otkrivanje razli\u010ditih lokacija, poslovnih subjekata i sadr\u017eaja\u2026","og_url":"https:\/\/gogull.app\/en\/uvjeti-koristenja\/","og_site_name":"gogull","article_modified_time":"2026-03-21T16:49:28+00:00","twitter_card":"summary_large_image","twitter_misc":{"Est. reading time":"2 minutes"},"schema":{"@context":"https:\/\/schema.org","@graph":[{"@type":"WebPage","@id":"https:\/\/gogull.app\/uvjeti-koristenja\/","url":"https:\/\/gogull.app\/uvjeti-koristenja\/","name":"Uvjeti kori\u0161tenja - gogull","isPartOf":{"@id":"https:\/\/gogull.app\/#website"},"datePublished":"2026-03-17T13:56:33+00:00","dateModified":"2026-03-21T16:49:28+00:00","breadcrumb":{"@id":"https:\/\/gogull.app\/uvjeti-koristenja\/#breadcrumb"},"inLanguage":"en-GB","potentialAction":[{"@type":"ReadAction","target":["https:\/\/gogull.app\/uvjeti-koristenja\/"]}]},{"@type":"BreadcrumbList","@id":"https:\/\/gogull.app\/uvjeti-koristenja\/#breadcrumb","itemListElement":[{"@type":"ListItem","position":1,"name":"Home","item":"https:\/\/gogull.app\/"},{"@type":"ListItem","position":2,"name":"Uvjeti kori\u0161tenja"}]},{"@type":"WebSite","@id":"https:\/\/gogull.app\/#website","url":"https:\/\/gogull.app\/","name":"gogull","description":"","potentialAction":[{"@type":"SearchAction","target":{"@type":"EntryPoint","urlTemplate":"https:\/\/gogull.app\/?s={search_term_string}"},"query-input":{"@type":"PropertyValueSpecification","valueRequired":true,"valueName":"search_term_string"}}],"inLanguage":"en-GB"}]}},"_links":{"self":[{"href":"https:\/\/gogull.app\/en\/wp-json\/wp\/v2\/pages\/681","targetHints":{"allow":["GET"]}}],"collection":[{"href":"https:\/\/gogull.app\/en\/wp-json\/wp\/v2\/pages"}],"about":[{"href":"https:\/\/gogull.app\/en\/wp-json\/wp\/v2\/types\/page"}],"author":[{"embeddable":true,"href":"https:\/\/gogull.app\/en\/wp-json\/wp\/v2\/users\/2"}],"replies":[{"embeddable":true,"href":"https:\/\/gogull.app\/en\/wp-json\/wp\/v2\/comments?post=681"}],"version-history":[{"count":2,"href":"https:\/\/gogull.app\/en\/wp-json\/wp\/v2\/pages\/681\/revisions"}],"predecessor-version":[{"id":716,"href":"https:\/\/gogull.app\/en\/wp-json\/wp\/v2\/pages\/681\/revisions\/716"}],"wp:attachment":[{"href":"https:\/\/gogull.app\/en\/wp-json\/wp\/v2\/media?parent=681"}],"curies":[{"name":"wp","href":"https:\/\/api.w.org\/{rel}","templated":true}]}}